{"id":110,"date":"2020-11-10T12:29:24","date_gmt":"2020-11-10T11:29:24","guid":{"rendered":"https:\/\/laboratoriodevehiculos.com\/?page_id=110"},"modified":"2024-06-15T14:44:00","modified_gmt":"2024-06-15T12:44:00","slug":"blog","status":"publish","type":"page","link":"https:\/\/laboratoriodevehiculos.com\/en\/blog\/","title":{"rendered":"Blog"},"content":{"rendered":"<div class=\"wpb-content-wrapper\"><div class=\"vc_row wpb_row vc_row-fluid vc_custom_1648489053511 wpex-relative\"><div class=\"wpb_column vc_column_container vc_col-sm-12\"><div class=\"vc_column-inner\"><div class=\"wpb_wrapper\"><div class=\"wpex-post-cards wpex-post-cards-blog_15 wpex-relative\"><div class=\"wpex-post-cards-inner\"><div class=\"wpex-post-cards-loop wpex-post-cards-grid wpex-row wpex-clr\"><div class=\"wpex-post-cards-entry col col-1 span_1_of_3 post-952 type-post cat-1\"><div class=\"wpex-card wpex-card-blog_15\"><div class=\"wpex-card-inner wpex-text-center\"><div class=\"wpex-card-date wpex-mb-10\">9\/25\/2024<\/div><h2 class=\"wpex-card-title wpex-heading wpex-text-2xl\"><a href=\"https:\/\/laboratoriodevehiculos.com\/en\/cambios-en-la-nueva-normativa-de-vehiculos-historicos\/\">Cambios en la Nueva Normativa de Veh\u00edculos Hist\u00f3ricos<\/a><\/h2><div class=\"wpex-card-more-link wpex-mt-15\"><a href=\"https:\/\/laboratoriodevehiculos.com\/en\/cambios-en-la-nueva-normativa-de-vehiculos-historicos\/\" aria-label=\"Read more about Cambios en la Nueva Normativa de Veh\u00edculos Hist\u00f3ricos\" class=\"wpex-border-0 wpex-border-b wpex-border-solid wpex-pb-5 wpex-no-underline\">Read more<\/a><\/div><\/div><\/div><\/div><div class=\"wpex-post-cards-entry col col-2 span_1_of_3 post-950 type-post cat-1\"><div class=\"wpex-card wpex-card-blog_15\"><div class=\"wpex-card-inner wpex-text-center\"><div class=\"wpex-card-date wpex-mb-10\">9\/25\/2024<\/div><h2 class=\"wpex-card-title wpex-heading wpex-text-2xl\"><a href=\"https:\/\/laboratoriodevehiculos.com\/en\/la-importancia-de-la-catalogacion-de-vehiculos-historicos-conoce-nuestro-servicio-de-homologacion\/\">La Importancia de la Catalogaci\u00f3n de Veh\u00edculos Hist\u00f3ricos: Conoce Nuestro Servicio de Homologaci\u00f3n<\/a><\/h2><div class=\"wpex-card-more-link wpex-mt-15\"><a href=\"https:\/\/laboratoriodevehiculos.com\/en\/la-importancia-de-la-catalogacion-de-vehiculos-historicos-conoce-nuestro-servicio-de-homologacion\/\" aria-label=\"Read more about La Importancia de la Catalogaci\u00f3n de Veh\u00edculos Hist\u00f3ricos: Conoce Nuestro Servicio de Homologaci\u00f3n\" class=\"wpex-border-0 wpex-border-b wpex-border-solid wpex-pb-5 wpex-no-underline\">Read more<\/a><\/div><\/div><\/div><\/div><div class=\"wpex-post-cards-entry col col-3 span_1_of_3 post-687 type-post cat-1\"><div class=\"wpex-card wpex-card-blog_15\"><div class=\"wpex-card-inner wpex-text-center\"><div class=\"wpex-card-media wpex-mb-15 wpex-mx-auto overlay-parent overlay-parent-1\"><div class=\"wpex-card-thumbnail wpex-relative\"><a href=\"https:\/\/laboratoriodevehiculos.com\/en\/exemptions-in-the-mot-of-historic-vehicles\/\"><img loading=\"lazy\" class=\"wpex-align-middle\" alt=\"Exemptions for historic vehicles in the ITV\" decoding=\"async\" src=\"https:\/\/laboratoriodevehiculos.com\/wp-content\/uploads\/2023\/08\/57313972-scaled-400x260.jpg\" width=\"400\" height=\"260\"><\/a><\/div><\/div><div class=\"wpex-card-date wpex-mb-10\">8\/9\/2023<\/div><h2 class=\"wpex-card-title wpex-heading wpex-text-2xl\"><a href=\"https:\/\/laboratoriodevehiculos.com\/en\/exemptions-in-the-mot-of-historic-vehicles\/\">Exemptions for historic vehicles in the ITV<\/a><\/h2><div class=\"wpex-card-more-link wpex-mt-15\"><a href=\"https:\/\/laboratoriodevehiculos.com\/en\/exemptions-in-the-mot-of-historic-vehicles\/\" aria-label=\"Read more about Exemptions for historic vehicles in the ITV\" class=\"wpex-border-0 wpex-border-b wpex-border-solid wpex-pb-5 wpex-no-underline\">Read more<\/a><\/div><\/div><\/div><\/div><div class=\"wpex-post-cards-entry col col-1 span_1_of_3 post-684 type-post cat-1\"><div class=\"wpex-card wpex-card-blog_15\"><div class=\"wpex-card-inner wpex-text-center\"><div class=\"wpex-card-media wpex-mb-15 wpex-mx-auto overlay-parent overlay-parent-1\"><div class=\"wpex-card-thumbnail wpex-relative\"><a href=\"https:\/\/laboratoriodevehiculos.com\/en\/registering-a-moped-as-a-historic-vehicle-is-the-best-solution\/\"><img loading=\"lazy\" class=\"wpex-align-middle\" alt=\"We have the solution for your old moped\" decoding=\"async\" src=\"https:\/\/laboratoriodevehiculos.com\/wp-content\/uploads\/2023\/08\/IMG_20170707_100749-400x260.jpg\" width=\"400\" height=\"260\"><\/a><\/div><\/div><div class=\"wpex-card-date wpex-mb-10\">8\/9\/2023<\/div><h2 class=\"wpex-card-title wpex-heading wpex-text-2xl\"><a href=\"https:\/\/laboratoriodevehiculos.com\/en\/registering-a-moped-as-a-historic-vehicle-is-the-best-solution\/\">We have the solution for your old moped<\/a><\/h2><div class=\"wpex-card-more-link wpex-mt-15\"><a href=\"https:\/\/laboratoriodevehiculos.com\/en\/registering-a-moped-as-a-historic-vehicle-is-the-best-solution\/\" aria-label=\"Read more about We have the solution for your old moped\" class=\"wpex-border-0 wpex-border-b wpex-border-solid wpex-pb-5 wpex-no-underline\">Read more<\/a><\/div><\/div><\/div><\/div><div class=\"wpex-post-cards-entry col col-2 span_1_of_3 post-681 type-post cat-1\"><div class=\"wpex-card wpex-card-blog_15\"><div class=\"wpex-card-inner wpex-text-center\"><div class=\"wpex-card-media wpex-mb-15 wpex-mx-auto overlay-parent overlay-parent-1\"><div class=\"wpex-card-thumbnail wpex-relative\"><a href=\"https:\/\/laboratoriodevehiculos.com\/en\/ten-statements-about-historic-vehicles\/\"><img loading=\"lazy\" class=\"wpex-align-middle\" alt=\"Ten questions about historic vehicles\" decoding=\"async\" src=\"https:\/\/laboratoriodevehiculos.com\/wp-content\/uploads\/2023\/08\/opel-5190050-scaled-400x260.jpg\" width=\"400\" height=\"260\"><\/a><\/div><\/div><div class=\"wpex-card-date wpex-mb-10\">8\/9\/2023<\/div><h2 class=\"wpex-card-title wpex-heading wpex-text-2xl\"><a href=\"https:\/\/laboratoriodevehiculos.com\/en\/ten-statements-about-historic-vehicles\/\">Ten questions about historic vehicles<\/a><\/h2><div class=\"wpex-card-more-link wpex-mt-15\"><a href=\"https:\/\/laboratoriodevehiculos.com\/en\/ten-statements-about-historic-vehicles\/\" aria-label=\"Read more about Ten questions about historic vehicles\" class=\"wpex-border-0 wpex-border-b wpex-border-solid wpex-pb-5 wpex-no-underline\">Read more<\/a><\/div><\/div><\/div><\/div><\/div><\/div><\/div><\/div><\/div><\/div><\/div>\n<\/div>","protected":false},"excerpt":{"rendered":"A lo largo de los a\u00f1os, se han vertido algunas afirmaciones, mayoritariamente err\u00f3neas, sobre los veh\u00edculos hist\u00f3ricos que han terminado creando confusi\u00f3n entre los aficionados del sector de la automoci\u00f3n. Desde Laboratorio Industrial de Veh\u00edculos queremos aclarar las dudas mas frecuentes que nos trasladan los clientes. \u00bfS\u00ed matriculo mi veh\u00edculo como hist\u00f3rico pierdo la matr\u00edcula&hellip;","protected":false},"author":1,"featured_media":0,"parent":0,"menu_order":0,"comment_status":"closed","ping_status":"closed","template":"","meta":{"footnotes":""},"class_list":["post-110","page","type-page","status-publish","hentry","entry","has-media"],"yoast_head":"<!-- This site is optimized with the Yoast SEO plugin v26.4 - https:\/\/yoast.com\/wordpress\/plugins\/seo\/ -->\n<title>Blog - LIV<\/title>\n<meta name=\"description\" content=\"El blog de Laboratorio Industrial de Veh\u00edculos\" \/>\n<meta name=\"robots\" content=\"index, follow, max-snippet:-1, max-image-preview:large, max-video-preview:-1\" \/>\n<link rel=\"canonical\" href=\"https:\/\/laboratoriodevehiculos.com\/en\/blog\/\" \/>\n<meta property=\"og:locale\" content=\"en_US\" \/>\n<meta property=\"og:type\" content=\"article\" \/>\n<meta property=\"og:title\" content=\"Blog - LIV\" \/>\n<meta property=\"og:description\" content=\"El blog de Laboratorio Industrial de Veh\u00edculos\" \/>\n<meta property=\"og:url\" content=\"https:\/\/laboratoriodevehiculos.com\/en\/blog\/\" \/>\n<meta property=\"og:site_name\" content=\"LIV\" \/>\n<meta property=\"article:modified_time\" content=\"2024-06-15T12:44:00+00:00\" \/>\n<meta property=\"og:image\" content=\"https:\/\/laboratoriodevehiculos.com\/wp-content\/uploads\/2022\/10\/LOGOTIPO-WEB.png\" \/>\n\t<meta property=\"og:image:width\" content=\"1250\" \/>\n\t<meta property=\"og:image:height\" content=\"589\" \/>\n\t<meta property=\"og:image:type\" content=\"image\/png\" \/>\n<meta name=\"twitter:card\" content=\"summary_large_image\" \/>\n<script type=\"application\/ld+json\" class=\"yoast-schema-graph\">{\"@context\":\"https:\/\/schema.org\",\"@graph\":[{\"@type\":\"WebPage\",\"@id\":\"https:\/\/laboratoriodevehiculos.com\/en\/blog\/\",\"url\":\"https:\/\/laboratoriodevehiculos.com\/en\/blog\/\",\"name\":\"Blog - LIV\",\"isPartOf\":{\"@id\":\"https:\/\/laboratoriodevehiculos.com\/#website\"},\"datePublished\":\"2020-11-10T11:29:24+00:00\",\"dateModified\":\"2024-06-15T12:44:00+00:00\",\"description\":\"El blog de Laboratorio Industrial de Veh\u00edculos\",\"breadcrumb\":{\"@id\":\"https:\/\/laboratoriodevehiculos.com\/en\/blog\/#breadcrumb\"},\"inLanguage\":\"en-US\",\"potentialAction\":[{\"@type\":\"ReadAction\",\"target\":[\"https:\/\/laboratoriodevehiculos.com\/en\/blog\/\"]}]},{\"@type\":\"BreadcrumbList\",\"@id\":\"https:\/\/laboratoriodevehiculos.com\/en\/blog\/#breadcrumb\",\"itemListElement\":[{\"@type\":\"ListItem\",\"position\":1,\"name\":\"Inicio\",\"item\":\"https:\/\/laboratoriodevehiculos.com\/\"},{\"@type\":\"ListItem\",\"position\":2,\"name\":\"Blog\"}]},{\"@type\":\"WebSite\",\"@id\":\"https:\/\/laboratoriodevehiculos.com\/#website\",\"url\":\"https:\/\/laboratoriodevehiculos.com\/\",\"name\":\"LIV\",\"description\":\"\",\"publisher\":{\"@id\":\"https:\/\/laboratoriodevehiculos.com\/#organization\"},\"potentialAction\":[{\"@type\":\"SearchAction\",\"target\":{\"@type\":\"EntryPoint\",\"urlTemplate\":\"https:\/\/laboratoriodevehiculos.com\/?s={search_term_string}\"},\"query-input\":{\"@type\":\"PropertyValueSpecification\",\"valueRequired\":true,\"valueName\":\"search_term_string\"}}],\"inLanguage\":\"en-US\"},{\"@type\":\"Organization\",\"@id\":\"https:\/\/laboratoriodevehiculos.com\/#organization\",\"name\":\"LIV\",\"url\":\"https:\/\/laboratoriodevehiculos.com\/\",\"logo\":{\"@type\":\"ImageObject\",\"inLanguage\":\"en-US\",\"@id\":\"https:\/\/laboratoriodevehiculos.com\/#\/schema\/logo\/image\/\",\"url\":\"https:\/\/laboratoriodevehiculos.com\/wp-content\/uploads\/2022\/10\/cropped-03-RRSS-REDONDO-TRANS.png\",\"contentUrl\":\"https:\/\/laboratoriodevehiculos.com\/wp-content\/uploads\/2022\/10\/cropped-03-RRSS-REDONDO-TRANS.png\",\"width\":512,\"height\":512,\"caption\":\"LIV\"},\"image\":{\"@id\":\"https:\/\/laboratoriodevehiculos.com\/#\/schema\/logo\/image\/\"}}]}<\/script>\n<!-- \/ Yoast SEO plugin. -->","yoast_head_json":{"title":"Blog - LIV","description":"Laboratorio Industrial de Veh\u00edculos&#039;s blog","robots":{"index":"index","follow":"follow","max-snippet":"max-snippet:-1","max-image-preview":"max-image-preview:large","max-video-preview":"max-video-preview:-1"},"canonical":"https:\/\/laboratoriodevehiculos.com\/en\/blog\/","og_locale":"en_US","og_type":"article","og_title":"Blog - LIV","og_description":"El blog de Laboratorio Industrial de Veh\u00edculos","og_url":"https:\/\/laboratoriodevehiculos.com\/en\/blog\/","og_site_name":"LIV","article_modified_time":"2024-06-15T12:44:00+00:00","og_image":[{"width":1250,"height":589,"url":"https:\/\/laboratoriodevehiculos.com\/wp-content\/uploads\/2022\/10\/LOGOTIPO-WEB.png","type":"image\/png"}],"twitter_card":"summary_large_image","schema":{"@context":"https:\/\/schema.org","@graph":[{"@type":"WebPage","@id":"https:\/\/laboratoriodevehiculos.com\/en\/blog\/","url":"https:\/\/laboratoriodevehiculos.com\/en\/blog\/","name":"Blog - LIV","isPartOf":{"@id":"https:\/\/laboratoriodevehiculos.com\/#website"},"datePublished":"2020-11-10T11:29:24+00:00","dateModified":"2024-06-15T12:44:00+00:00","description":"Laboratorio Industrial de Veh\u00edculos&#039;s blog","breadcrumb":{"@id":"https:\/\/laboratoriodevehiculos.com\/en\/blog\/#breadcrumb"},"inLanguage":"en-US","potentialAction":[{"@type":"ReadAction","target":["https:\/\/laboratoriodevehiculos.com\/en\/blog\/"]}]},{"@type":"BreadcrumbList","@id":"https:\/\/laboratoriodevehiculos.com\/en\/blog\/#breadcrumb","itemListElement":[{"@type":"ListItem","position":1,"name":"Inicio","item":"https:\/\/laboratoriodevehiculos.com\/"},{"@type":"ListItem","position":2,"name":"Blog"}]},{"@type":"WebSite","@id":"https:\/\/laboratoriodevehiculos.com\/#website","url":"https:\/\/laboratoriodevehiculos.com\/","name":"LIV","description":"","publisher":{"@id":"https:\/\/laboratoriodevehiculos.com\/#organization"},"potentialAction":[{"@type":"SearchAction","target":{"@type":"EntryPoint","urlTemplate":"https:\/\/laboratoriodevehiculos.com\/?s={search_term_string}"},"query-input":{"@type":"PropertyValueSpecification","valueRequired":true,"valueName":"search_term_string"}}],"inLanguage":"en-US"},{"@type":"Organization","@id":"https:\/\/laboratoriodevehiculos.com\/#organization","name":"LIV","url":"https:\/\/laboratoriodevehiculos.com\/","logo":{"@type":"ImageObject","inLanguage":"en-US","@id":"https:\/\/laboratoriodevehiculos.com\/#\/schema\/logo\/image\/","url":"https:\/\/laboratoriodevehiculos.com\/wp-content\/uploads\/2022\/10\/cropped-03-RRSS-REDONDO-TRANS.png","contentUrl":"https:\/\/laboratoriodevehiculos.com\/wp-content\/uploads\/2022\/10\/cropped-03-RRSS-REDONDO-TRANS.png","width":512,"height":512,"caption":"LIV"},"image":{"@id":"https:\/\/laboratoriodevehiculos.com\/#\/schema\/logo\/image\/"}}]}},"_links":{"self":[{"href":"https:\/\/laboratoriodevehiculos.com\/en\/wp-json\/wp\/v2\/pages\/110","targetHints":{"allow":["GET"]}}],"collection":[{"href":"https:\/\/laboratoriodevehiculos.com\/en\/wp-json\/wp\/v2\/pages"}],"about":[{"href":"https:\/\/laboratoriodevehiculos.com\/en\/wp-json\/wp\/v2\/types\/page"}],"author":[{"embeddable":true,"href":"https:\/\/laboratoriodevehiculos.com\/en\/wp-json\/wp\/v2\/users\/1"}],"replies":[{"embeddable":true,"href":"https:\/\/laboratoriodevehiculos.com\/en\/wp-json\/wp\/v2\/comments?post=110"}],"version-history":[{"count":7,"href":"https:\/\/laboratoriodevehiculos.com\/en\/wp-json\/wp\/v2\/pages\/110\/revisions"}],"predecessor-version":[{"id":909,"href":"https:\/\/laboratoriodevehiculos.com\/en\/wp-json\/wp\/v2\/pages\/110\/revisions\/909"}],"wp:attachment":[{"href":"https:\/\/laboratoriodevehiculos.com\/en\/wp-json\/wp\/v2\/media?parent=110"}],"curies":[{"name":"wp","href":"https:\/\/api.w.org\/{rel}","templated":true}]}}