{"id":575,"date":"2023-08-02T12:36:39","date_gmt":"2023-08-02T10:36:39","guid":{"rendered":"https:\/\/laboratoriodevehiculos.com\/?page_id=575"},"modified":"2023-09-01T01:01:55","modified_gmt":"2023-08-31T23:01:55","slug":"cataloging-of-historic-vehicles","status":"publish","type":"page","link":"https:\/\/laboratoriodevehiculos.com\/en\/cataloging-of-historic-vehicles\/","title":{"rendered":"Cataloging of Historic Vehicles"},"content":{"rendered":"<div class=\"wpb-content-wrapper\"><div class=\"vc_row wpb_row vc_row-fluid wpex-relative\"><div class=\"wpb_column vc_column_container vc_col-sm-12\"><div class=\"vc_column-inner\"><div class=\"wpb_wrapper\"><h2 class=\"vcex-heading vcex-heading-plain vcex-module wpex-heading wpex-text-2xl wpex-h2\"><span class=\"vcex-heading-inner wpex-inline-block\">Ready for an epic journey?<\/span><\/h2>\n\t<div class=\"wpb_text_column wpb_content_element\" >\n\t\t<div class=\"wpb_wrapper\">\n\t\t\t<p>If you have a vehicle with a\u00a0<strong>age of at least 30 years<\/strong>\u00a0and remains in its original state (with some exceptions), we can\u00a0<strong>classify it as a historic vehicle<\/strong>.<\/p>\n<p>At LIV we are accredited as\u00a0<strong>official historical vehicle laboratory<\/strong>\u00a0according to Royal Decree 1247\/1995 and we give you a\u00a0<strong>full service<\/strong>\u00a0so you don&#039;t have to worry about anything other than enjoying your vehicle.<\/p>\n\n\t\t<\/div>\n\t<\/div>\n<\/div><\/div><\/div><\/div><div class=\"vc_row wpb_row vc_row-fluid wpex-relative\"><div class=\"wpb_column vc_column_container vc_col-sm-12\"><div class=\"vc_column-inner\"><div class=\"wpb_wrapper\"><h2 class=\"vcex-heading vcex-heading-plain vcex-module wpex-heading wpex-text-2xl wpex-h2\"><span class=\"vcex-heading-inner wpex-inline-block\">Steps<\/span><\/h2>\n\t<div class=\"wpb_text_column wpb_content_element\" >\n\t\t<div class=\"wpb_wrapper\">\n\t\t\t<p>These are the steps you will have to follow to classify your vehicle as historic:<\/p>\n\n\t\t<\/div>\n\t<\/div>\n<div class=\"vcex-spacing wpex-w-100 wpex-clear\" style=\"height:50px;\"><\/div><style>.vcex-steps.vcex_69d5a8c510fc7 .vcex-steps-item__line{--wpex-accent:var(--wpex-palette-432-color);}.vcex-steps.vcex_69d5a8c510fc7 .vcex-steps-item__symbol{font-size:var(--wpex-text-xl);font-weight:700;}<\/style><div class=\"vcex-steps vcex-steps--horizontal vcex_69d5a8c510fc7\"><div class=\"vcex-steps__items wpex-text-center wpex-grid wpex-md-grid-cols-3\"><div class=\"vcex-steps-item vcex-steps-item--1 wpex-flex wpex-flex-col\"><div class=\"vcex-steps-item__figure wpex-flex wpex-items-center wpex-mb-20 wpex-flex-col wpex-md-flex-row wpex-md-items-center wpex-md-mr-0\"><span class=\"vcex-steps-item__line wpex-hidden wpex-md-block wpex-grow wpex-bg-transparent wpex-w-3px wpex-h-100 wpex-md-h-3px wpex-md-w-100\"><\/span><span class=\"vcex-steps-item__symbol vcex-steps-item__symbol--solid wpex-inline-flex wpex-items-center wpex-justify-center wpex-flex-shrink-0 wpex-leading-none wpex-tracking-normal wpex-rounded-full wpex-text-md wpex-bg-accent wpex-text-on-accent\">1<\/span><span class=\"vcex-steps-item__line wpex-hidden wpex-md-block wpex-grow wpex-bg-accent wpex-w-3px wpex-h-100 wpex-md-h-3px wpex-md-w-100\"><\/span><\/div><div class=\"vcex-steps-item__content wpex-flex-grow wpex-mb-40 wpex-md-mx-20 wpex-md-my-0\"><div class=\"vcex-steps-item__heading wpex-heading wpex-flex wpex-flex-wrap wpex-items-center wpex-text-md wpex-justify-center\">LIV<\/div><div class=\"vcex-steps-item__text wpex-last-mb-0 wpex-mt-10\"><p>Put yourself in our hands and obtain all the documentation prior to the ITV.<\/p>\n<\/div><\/div><\/div><div class=\"vcex-steps-item vcex-steps-item--2 wpex-flex wpex-flex-col\"><div class=\"vcex-steps-item__figure wpex-flex wpex-items-center wpex-mb-20 wpex-flex-col wpex-md-flex-row wpex-md-items-center wpex-md-mr-0\"><span class=\"vcex-steps-item__line wpex-hidden wpex-md-block wpex-grow wpex-bg-accent wpex-w-3px wpex-h-100 wpex-md-h-3px wpex-md-w-100\"><\/span><span class=\"vcex-steps-item__symbol vcex-steps-item__symbol--solid wpex-inline-flex wpex-items-center wpex-justify-center wpex-flex-shrink-0 wpex-leading-none wpex-tracking-normal wpex-rounded-full wpex-text-md wpex-bg-accent wpex-text-on-accent\">2<\/span><span class=\"vcex-steps-item__line wpex-hidden wpex-md-block wpex-grow wpex-bg-accent wpex-w-3px wpex-h-100 wpex-md-h-3px wpex-md-w-100\"><\/span><\/div><div class=\"vcex-steps-item__content wpex-flex-grow wpex-mb-40 wpex-md-mx-20 wpex-md-my-0\"><div class=\"vcex-steps-item__heading wpex-heading wpex-flex wpex-flex-wrap wpex-items-center wpex-text-md wpex-justify-center\">ITV<\/div><div class=\"vcex-steps-item__text wpex-last-mb-0 wpex-mt-10\"><p>With the documentation we prepare you can go directly to pass the ITV of your vehicle.<\/p>\n<\/div><\/div><\/div><div class=\"vcex-steps-item vcex-steps-item--3 wpex-flex wpex-flex-col\"><div class=\"vcex-steps-item__figure wpex-flex wpex-items-center wpex-mb-20 wpex-flex-col wpex-md-flex-row wpex-md-items-center wpex-md-mr-0\"><span class=\"vcex-steps-item__line wpex-hidden wpex-md-block wpex-grow wpex-bg-accent wpex-w-3px wpex-h-100 wpex-md-h-3px wpex-md-w-100\"><\/span><span class=\"vcex-steps-item__symbol vcex-steps-item__symbol--solid wpex-inline-flex wpex-items-center wpex-justify-center wpex-flex-shrink-0 wpex-leading-none wpex-tracking-normal wpex-rounded-full wpex-text-md wpex-bg-accent wpex-text-on-accent\">3<\/span><span class=\"vcex-steps-item__line wpex-hidden wpex-md-block wpex-grow wpex-bg-transparent wpex-w-3px wpex-h-100 wpex-md-h-3px wpex-md-w-100\"><\/span><\/div><div class=\"vcex-steps-item__content wpex-flex-grow wpex-mb-40 wpex-md-mx-20 wpex-md-my-0\"><div class=\"vcex-steps-item__heading wpex-heading wpex-flex wpex-flex-wrap wpex-items-center wpex-text-md wpex-justify-center\">DGT<\/div><div class=\"vcex-steps-item__text wpex-last-mb-0 wpex-mt-10\"><p>Go to traffic to obtain the historic vehicle registration.<\/p>\n<\/div><\/div><\/div><\/div><\/div><div class=\"vcex-spacing wpex-w-100 wpex-clear\" style=\"height:50px;\"><\/div>\n\t<div class=\"wpb_text_column wpb_content_element\" >\n\t\t<div class=\"wpb_wrapper\">\n\t\t\t<p>It was never so easy. Don&#039;t settle for the common. Differentiate yourself from the rest, giving your vehicle added value that turns it into a legend on wheels.<\/p>\n\n\t\t<\/div>\n\t<\/div>\n<\/div><\/div><\/div><\/div><div class=\"vc_row wpb_row vc_row-fluid wpex-relative\"><div class=\"wpb_column vc_column_container vc_col-sm-12\"><div class=\"vc_column-inner\"><div class=\"wpb_wrapper\"><h2 class=\"vcex-heading vcex-heading-plain vcex-module wpex-heading wpex-text-2xl wpex-h2\"><span class=\"vcex-heading-inner wpex-inline-block\">Advantages<\/span><\/h2>\n\t<div class=\"wpb_text_column wpb_content_element\" >\n\t\t<div class=\"wpb_wrapper\">\n\t\t\t<p>Benefit from the advantages of a historic vehicle.<\/p>\n\n\t\t<\/div>\n\t<\/div>\n<div class=\"vcex-spacing wpex-w-100 wpex-clear\"><\/div><style>.vcex-list_item.vcex_69d5a8c512b00 .vcex-list-item-icon-inner{color:var(--wpex-accent);}<\/style><div class=\"vcex-list_item vcex-module wpex-m-0 wpex-max-w-100 wpex-mb-5 vcex_69d5a8c512b00\"><div class=\"vcex-list-item-inner wpex-inline-flex wpex-flex-no-wrap\"><div class=\"vcex-list-item-icon wpex-mr-10\"><div class=\"vcex-list-item-icon-inner vcex-icon-wrap wpex-inline-flex wpex-justify-center wpex-items-center wpex-leading-none wpex-child-inherit-color\"><span class=\"wpex-icon--w wpex-icon\" aria-hidden=\"true\"><svg xmlns=\"http:\/\/www.w3.org\/2000\/svg\" viewbox=\"0 0 448 512\"><path d=\"M438.6 105.4c12.5 12.5 12.5 32.8 0 45.3l-256 256c-12.5 12.5-32.8 12.5-45.3 0l-128-128c-12.5-12.5-12.5-32.8 0-45.3s32.8-12.5 45.3 0L160 338.7 393.4 105.4c12.5-12.5 32.8-12.5 45.3 0z\"\/><\/svg><\/span><\/div><\/div><div class=\"vcex-list-item-text vcex-content wpex-flex-grow\">Less frequent periodic inspections.<\/div><\/div><\/div><div class=\"vcex-spacing wpex-w-100 wpex-clear\"><\/div>\n\t<div class=\"wpb_text_column wpb_content_element vc_custom_1693441195890\" >\n\t\t<div class=\"wpb_wrapper\">\n\t\t\t<table>\n<thead>\n<tr>\n<td width=\"466\">Antiquity<\/td>\n<td width=\"466\">Inspection frequency<\/td>\n<\/tr>\n<\/thead>\n<tbody>\n<tr>\n<td width=\"466\">From 30 to 40 years<\/td>\n<td width=\"466\">Every 2 years<\/td>\n<\/tr>\n<tr>\n<td width=\"466\">From 40 to 45 years<\/td>\n<td width=\"466\">Every 3 years<\/td>\n<\/tr>\n<tr>\n<td width=\"466\">More than 45 years<\/td>\n<td width=\"466\">Each 4 years<\/td>\n<\/tr>\n<\/tbody>\n<\/table>\n\n\t\t<\/div>\n\t<\/div>\n<div class=\"vcex-spacing wpex-w-100 wpex-clear\"><\/div><div class=\"vcex-spacing wpex-w-100 wpex-clear\" style=\"height:10px;\"><\/div><style>.vcex-list_item.vcex_69d5a8c513421 .vcex-list-item-icon-inner{color:var(--wpex-accent);}<\/style><div class=\"vcex-list_item vcex-module wpex-m-0 wpex-max-w-100 wpex-mb-5 vcex_69d5a8c513421\"><div class=\"vcex-list-item-inner wpex-inline-flex wpex-flex-no-wrap\"><div class=\"vcex-list-item-icon wpex-mr-10\"><div class=\"vcex-list-item-icon-inner vcex-icon-wrap wpex-inline-flex wpex-justify-center wpex-items-center wpex-leading-none wpex-child-inherit-color\"><span class=\"wpex-icon--w wpex-icon\" aria-hidden=\"true\"><svg xmlns=\"http:\/\/www.w3.org\/2000\/svg\" viewbox=\"0 0 448 512\"><path d=\"M438.6 105.4c12.5 12.5 12.5 32.8 0 45.3l-256 256c-12.5 12.5-32.8 12.5-45.3 0l-128-128c-12.5-12.5-12.5-32.8 0-45.3s32.8-12.5 45.3 0L160 338.7 393.4 105.4c12.5-12.5 32.8-12.5 45.3 0z\"\/><\/svg><\/span><\/div><\/div><div class=\"vcex-list-item-text vcex-content wpex-flex-grow\">Cheaper driving insurance.<\/div><\/div><\/div><div class=\"vcex-spacing wpex-w-100 wpex-clear\" style=\"height:10px;\"><\/div><style>.vcex-list_item.vcex_69d5a8c513a63 .vcex-list-item-icon-inner{color:var(--wpex-accent);}<\/style><div class=\"vcex-list_item vcex-module wpex-m-0 wpex-max-w-100 wpex-mb-5 vcex_69d5a8c513a63\"><div class=\"vcex-list-item-inner wpex-inline-flex wpex-flex-no-wrap\"><div class=\"vcex-list-item-icon wpex-mr-10\"><div class=\"vcex-list-item-icon-inner vcex-icon-wrap wpex-inline-flex wpex-justify-center wpex-items-center wpex-leading-none wpex-child-inherit-color\"><span class=\"wpex-icon--w wpex-icon\" aria-hidden=\"true\"><svg xmlns=\"http:\/\/www.w3.org\/2000\/svg\" viewbox=\"0 0 448 512\"><path d=\"M438.6 105.4c12.5 12.5 12.5 32.8 0 45.3l-256 256c-12.5 12.5-32.8 12.5-45.3 0l-128-128c-12.5-12.5-12.5-32.8 0-45.3s32.8-12.5 45.3 0L160 338.7 393.4 105.4c12.5-12.5 32.8-12.5 45.3 0z\"\/><\/svg><\/span><\/div><\/div><div class=\"vcex-list-item-text vcex-content wpex-flex-grow\">Reductions\/Exemptions in the payment of road taxes (according to each Ayto).<\/div><\/div><\/div><\/div><\/div><\/div><\/div><div class=\"vc_row wpb_row vc_row-fluid wpex-relative\"><div class=\"wpb_column vc_column_container vc_col-sm-12\"><div class=\"vc_column-inner\"><div class=\"wpb_wrapper\"><h2 class=\"vcex-heading vcex-heading-plain vcex-module wpex-heading wpex-text-2xl wpex-h2\"><span class=\"vcex-heading-inner wpex-inline-block\">Historical import vehicles<\/span><\/h2>\n\t<div class=\"wpb_text_column wpb_content_element\" >\n\t\t<div class=\"wpb_wrapper\">\n\t\t\t<p>Do you dream of an imported classic? If it meets the necessary age and conservation requirements, you don&#039;t have to keep dreaming, you can import a vehicle and register it in Spain by cataloging it as a historic vehicle. If you want to know more, contact us<a href=\"#contacto\"> here.<\/a><\/p>\n\n\t\t<\/div>\n\t<\/div>\n<\/div><\/div><\/div><\/div><div class=\"vc_row wpb_row vc_row-fluid vc_custom_1693441055378 wpex-relative\"><div class=\"wpb_column vc_column_container vc_col-sm-12\"><div class=\"vc_column-inner\"><div class=\"wpb_wrapper\"><div class=\"vcex-grid-container vcex-module wpex-grid wpex-gap-20 wpex-grid-cols-1 wpex-md-grid-cols-3\"><style>.vcex-icon-box.vcex_69d5a8c515704 .vcex-icon-box-image{width:400px;}<\/style><div class=\"vcex-module vcex-icon-box vcex-icon-box-two wpex-block wpex-text-left vcex_69d5a8c515704\"><div class=\"vcex-icon-box-symbol vcex-icon-box-symbol--image wpex-mb-20\"><img loading=\"lazy\" class=\"vcex-icon-box-image wpex-align-middle\" decoding=\"async\" src=\"https:\/\/laboratoriodevehiculos.com\/wp-content\/uploads\/2023\/08\/mano-masculina-tocando-concepto-servicio-400x258.jpg\" alt=\"\" srcset=\"https:\/\/laboratoriodevehiculos.com\/wp-content\/uploads\/2023\/08\/mano-masculina-tocando-concepto-servicio-400x258.jpg 400w, https:\/\/laboratoriodevehiculos.com\/wp-content\/uploads\/2023\/08\/mano-masculina-tocando-concepto-servicio-300x195.jpg 300w, https:\/\/laboratoriodevehiculos.com\/wp-content\/uploads\/2023\/08\/mano-masculina-tocando-concepto-servicio.jpg 700w\" width=\"400\" height=\"258\"><\/div><div class=\"vcex-icon-box-text\"><h2 class=\"vcex-icon-box-heading wpex-heading wpex-text-md wpex-mb-10\">A complete service<\/h2><div class=\"vcex-icon-box-content wpex-last-mb-0 wpex-clr\"><p>At LIV we cover all the preparation of the documentation prior to passing through ITV. Including the presentation and processing carried out in the Industry Service of your community. If you still have questions, contact us, we will be happy to assist you.<\/p>\n<\/div><\/div><\/div><style>.vcex-icon-box.vcex_69d5a8c516930 .vcex-icon-box-image{width:400px;}<\/style><div class=\"vcex-module vcex-icon-box vcex-icon-box-two wpex-block wpex-text-left vcex_69d5a8c516930\"><div class=\"vcex-icon-box-symbol vcex-icon-box-symbol--image wpex-mb-20\"><img loading=\"lazy\" class=\"vcex-icon-box-image wpex-align-middle\" decoding=\"async\" src=\"https:\/\/laboratoriodevehiculos.com\/wp-content\/uploads\/2023\/08\/asi-es-como-ve-hombre-negocios-mientras-trabaja-tiene-signo-mejor-servicio-garantia-calidad-estandares-garantia-certificacion-iso-estandarizacion-etc-400x258.jpg\" alt=\"\" width=\"400\" height=\"258\"><\/div><div class=\"vcex-icon-box-text\"><h2 class=\"vcex-icon-box-heading wpex-heading wpex-text-md wpex-mb-10\">The reliability of our reports<\/h2><div class=\"vcex-icon-box-content wpex-last-mb-0 wpex-clr\"><p>To avoid misuse of our reports, we have enabled a space so that you can verify its validity, also having the possibility of downloading it as many times as you want. Scan the QR of your report or enter the report number and the corresponding key <a href=\"\/en\/check-report\/\">here<\/a>.<\/p>\n<\/div><\/div><\/div><style>.vcex-icon-box.vcex_69d5a8c517858 .vcex-icon-box-image{width:400px;}<\/style><div class=\"vcex-module vcex-icon-box vcex-icon-box-two wpex-block wpex-text-left vcex_69d5a8c517858\"><div class=\"vcex-icon-box-symbol vcex-icon-box-symbol--image wpex-mb-20\"><img loading=\"lazy\" class=\"vcex-icon-box-image wpex-align-middle\" decoding=\"async\" src=\"https:\/\/laboratoriodevehiculos.com\/wp-content\/uploads\/2023\/08\/hay-corte-papel-escena-colorida-pajaros-flores-ai-generativo-400x258.jpg\" alt=\"\" width=\"400\" height=\"258\"><\/div><div class=\"vcex-icon-box-text\"><h2 class=\"vcex-icon-box-heading wpex-heading wpex-text-md wpex-mb-10\">Historical Research<\/h2><div class=\"vcex-icon-box-content wpex-last-mb-0 wpex-clr\"><p>One of the most important aspects of this process is the management of bibliographic documentation of the time. At LIV we use trusted sources to collect accurate and detailed information about your vehicle.<\/p>\n<\/div><\/div><\/div><\/div><\/div><\/div><\/div><\/div><div class=\"vc_row wpb_row vc_row-fluid vc_custom_1693440543657 wpex-vc-full-width-row wpex-vc-full-width-row--centered wpex-relative wpex-vc_row-has-fill no-bottom-margins wpex-vc-reset-negative-margin typography-white wpex-has-overlay wpex-has-overlay--69d5a8c51853e\"><div class=\"wpex-bg-overlay-wrap wpex-absolute wpex-inset-0 wpex-rounded-inherit\"><style class=\"wpex-bg-overlay-css\">.wpex-has-overlay--69d5a8c51853e > .wpex-bg-overlay-wrap .wpex-bg-overlay{background-color:var(--wpex-accent);}<\/style><span class=\"wpex-bg-overlay color wpex-absolute wpex-inset-0 wpex-rounded-inherit wpex-duration-500 wpex-opacity-60 wpex-bg-black\"><\/span><\/div><div class=\"wpb_column vc_column_container vc_col-sm-12\"><div class=\"vc_column-inner\"><div class=\"wpb_wrapper\"><style>.vcex-heading.vcex_69d5a8c518cb7{font-size:var(--wpex-text-4xl);}<\/style><h2 class=\"vcex-heading vcex-heading-plain vcex-module wpex-heading wpex-text-2xl wpex-h2 wpex-text-center vcex_69d5a8c518cb7\"><span class=\"vcex-heading-inner wpex-inline-block\">Need help?<\/span><\/h2>\n\t<div style=\"font-size:var(--wpex-text-lg);font-weight:600;text-align:center;\" class=\"wpb_text_column wpb_content_element\" >\n\t\t<div class=\"wpb_wrapper\">\n\t\t\t<p>Consult our frequently asked questions section or send us your query.<\/p>\n\n\t\t<\/div>\n\t<\/div>\n<div class=\"vcex-spacing wpex-w-100 wpex-clear\"><\/div><style>.vcex-multi-buttons.vcex_69d5a8c51934e{gap:20px;}<\/style><div class=\"vcex-multi-buttons wpex-flex wpex-flex-wrap wpex-items-center wpex-gap-10 wpex-justify-center vcex_69d5a8c51934e\"><a href=\"https:\/\/laboratoriodevehiculos.com\/en\/frequent-questions\/\" title=\"Frequent questions\" class=\"theme-button outline wpex-text-center vcex-count-1\" style=\"--wpex-accent:#ffffff;\" data-wpex-hover=\"{&quot;background&quot;:&quot;var(--wpex-palette-431-color)&quot;}\">FAQ<\/a><a href=\"#contacto\" class=\"theme-button outline local-scroll-link wpex-text-center vcex-count-2\" style=\"--wpex-accent:#ffffff;\" data-wpex-hover=\"{&quot;background&quot;:&quot;var(--wpex-palette-431-color)&quot;}\">Contact<\/a><\/div><\/div><\/div><\/div><\/div>\n<\/div>","protected":false},"excerpt":{"rendered":"\u00bfListo para un viaje \u00e9pico? Si tienes un veh\u00edculo con una\u00a0antig\u00fcedad de al menos 30 a\u00f1os\u00a0y se mantiene en su estado original (salvo algunas excepciones), podemos\u00a0catalogarlo como veh\u00edculo hist\u00f3rico. En LIV estamos acreditados como\u00a0laboratorio oficial de veh\u00edculos hist\u00f3ricos\u00a0seg\u00fan el Real Decreto 1247\/1995 y te damos un\u00a0servicio completo\u00a0para que no tengas que preocuparte de nada mas&hellip;","protected":false},"author":1,"featured_media":0,"parent":0,"menu_order":0,"comment_status":"closed","ping_status":"closed","template":"","meta":{"footnotes":""},"class_list":["post-575","page","type-page","status-publish","hentry","entry","no-media"],"yoast_head":"<!-- This site is optimized with the Yoast SEO plugin v26.4 - https:\/\/yoast.com\/wordpress\/plugins\/seo\/ -->\n<title>Catalogaci\u00f3n de Veh\u00edculos Hist\u00f3ricos - LIV<\/title>\n<meta name=\"robots\" content=\"index, follow, max-snippet:-1, max-image-preview:large, max-video-preview:-1\" \/>\n<link rel=\"canonical\" href=\"https:\/\/laboratoriodevehiculos.com\/en\/cataloging-of-historic-vehicles\/\" \/>\n<meta property=\"og:locale\" content=\"en_US\" \/>\n<meta property=\"og:type\" content=\"article\" \/>\n<meta property=\"og:title\" content=\"Catalogaci\u00f3n de Veh\u00edculos Hist\u00f3ricos - LIV\" \/>\n<meta property=\"og:url\" content=\"https:\/\/laboratoriodevehiculos.com\/en\/cataloging-of-historic-vehicles\/\" \/>\n<meta property=\"og:site_name\" content=\"LIV\" \/>\n<meta property=\"article:modified_time\" content=\"2023-08-31T23:01:55+00:00\" \/>\n<meta property=\"og:image\" content=\"https:\/\/laboratoriodevehiculos.com\/wp-content\/uploads\/2022\/10\/LOGOTIPO-WEB.png\" \/>\n\t<meta property=\"og:image:width\" content=\"1250\" \/>\n\t<meta property=\"og:image:height\" content=\"589\" \/>\n\t<meta property=\"og:image:type\" content=\"image\/png\" \/>\n<meta name=\"twitter:card\" content=\"summary_large_image\" \/>\n<script type=\"application\/ld+json\" class=\"yoast-schema-graph\">{\"@context\":\"https:\/\/schema.org\",\"@graph\":[{\"@type\":\"WebPage\",\"@id\":\"https:\/\/laboratoriodevehiculos.com\/en\/cataloging-of-historic-vehicles\/\",\"url\":\"https:\/\/laboratoriodevehiculos.com\/en\/cataloging-of-historic-vehicles\/\",\"name\":\"Catalogaci\u00f3n de Veh\u00edculos Hist\u00f3ricos - LIV\",\"isPartOf\":{\"@id\":\"https:\/\/laboratoriodevehiculos.com\/#website\"},\"datePublished\":\"2023-08-02T10:36:39+00:00\",\"dateModified\":\"2023-08-31T23:01:55+00:00\",\"breadcrumb\":{\"@id\":\"https:\/\/laboratoriodevehiculos.com\/en\/cataloging-of-historic-vehicles\/#breadcrumb\"},\"inLanguage\":\"en-US\",\"potentialAction\":[{\"@type\":\"ReadAction\",\"target\":[\"https:\/\/laboratoriodevehiculos.com\/en\/cataloging-of-historic-vehicles\/\"]}]},{\"@type\":\"BreadcrumbList\",\"@id\":\"https:\/\/laboratoriodevehiculos.com\/en\/cataloging-of-historic-vehicles\/#breadcrumb\",\"itemListElement\":[{\"@type\":\"ListItem\",\"position\":1,\"name\":\"Inicio\",\"item\":\"https:\/\/laboratoriodevehiculos.com\/\"},{\"@type\":\"ListItem\",\"position\":2,\"name\":\"Catalogaci\u00f3n de Veh\u00edculos Hist\u00f3ricos\"}]},{\"@type\":\"WebSite\",\"@id\":\"https:\/\/laboratoriodevehiculos.com\/#website\",\"url\":\"https:\/\/laboratoriodevehiculos.com\/\",\"name\":\"LIV\",\"description\":\"\",\"publisher\":{\"@id\":\"https:\/\/laboratoriodevehiculos.com\/#organization\"},\"potentialAction\":[{\"@type\":\"SearchAction\",\"target\":{\"@type\":\"EntryPoint\",\"urlTemplate\":\"https:\/\/laboratoriodevehiculos.com\/?s={search_term_string}\"},\"query-input\":{\"@type\":\"PropertyValueSpecification\",\"valueRequired\":true,\"valueName\":\"search_term_string\"}}],\"inLanguage\":\"en-US\"},{\"@type\":\"Organization\",\"@id\":\"https:\/\/laboratoriodevehiculos.com\/#organization\",\"name\":\"LIV\",\"url\":\"https:\/\/laboratoriodevehiculos.com\/\",\"logo\":{\"@type\":\"ImageObject\",\"inLanguage\":\"en-US\",\"@id\":\"https:\/\/laboratoriodevehiculos.com\/#\/schema\/logo\/image\/\",\"url\":\"https:\/\/laboratoriodevehiculos.com\/wp-content\/uploads\/2022\/10\/cropped-03-RRSS-REDONDO-TRANS.png\",\"contentUrl\":\"https:\/\/laboratoriodevehiculos.com\/wp-content\/uploads\/2022\/10\/cropped-03-RRSS-REDONDO-TRANS.png\",\"width\":512,\"height\":512,\"caption\":\"LIV\"},\"image\":{\"@id\":\"https:\/\/laboratoriodevehiculos.com\/#\/schema\/logo\/image\/\"}}]}<\/script>\n<!-- \/ Yoast SEO plugin. -->","yoast_head_json":{"title":"Cataloging of Historic Vehicles - LIV","robots":{"index":"index","follow":"follow","max-snippet":"max-snippet:-1","max-image-preview":"max-image-preview:large","max-video-preview":"max-video-preview:-1"},"canonical":"https:\/\/laboratoriodevehiculos.com\/en\/cataloging-of-historic-vehicles\/","og_locale":"en_US","og_type":"article","og_title":"Catalogaci\u00f3n de Veh\u00edculos Hist\u00f3ricos - LIV","og_url":"https:\/\/laboratoriodevehiculos.com\/en\/cataloging-of-historic-vehicles\/","og_site_name":"LIV","article_modified_time":"2023-08-31T23:01:55+00:00","og_image":[{"width":1250,"height":589,"url":"https:\/\/laboratoriodevehiculos.com\/wp-content\/uploads\/2022\/10\/LOGOTIPO-WEB.png","type":"image\/png"}],"twitter_card":"summary_large_image","schema":{"@context":"https:\/\/schema.org","@graph":[{"@type":"WebPage","@id":"https:\/\/laboratoriodevehiculos.com\/en\/cataloging-of-historic-vehicles\/","url":"https:\/\/laboratoriodevehiculos.com\/en\/cataloging-of-historic-vehicles\/","name":"Cataloging of Historic Vehicles - LIV","isPartOf":{"@id":"https:\/\/laboratoriodevehiculos.com\/#website"},"datePublished":"2023-08-02T10:36:39+00:00","dateModified":"2023-08-31T23:01:55+00:00","breadcrumb":{"@id":"https:\/\/laboratoriodevehiculos.com\/en\/cataloging-of-historic-vehicles\/#breadcrumb"},"inLanguage":"en-US","potentialAction":[{"@type":"ReadAction","target":["https:\/\/laboratoriodevehiculos.com\/en\/cataloging-of-historic-vehicles\/"]}]},{"@type":"BreadcrumbList","@id":"https:\/\/laboratoriodevehiculos.com\/en\/cataloging-of-historic-vehicles\/#breadcrumb","itemListElement":[{"@type":"ListItem","position":1,"name":"Inicio","item":"https:\/\/laboratoriodevehiculos.com\/"},{"@type":"ListItem","position":2,"name":"Catalogaci\u00f3n de Veh\u00edculos Hist\u00f3ricos"}]},{"@type":"WebSite","@id":"https:\/\/laboratoriodevehiculos.com\/#website","url":"https:\/\/laboratoriodevehiculos.com\/","name":"LIV","description":"","publisher":{"@id":"https:\/\/laboratoriodevehiculos.com\/#organization"},"potentialAction":[{"@type":"SearchAction","target":{"@type":"EntryPoint","urlTemplate":"https:\/\/laboratoriodevehiculos.com\/?s={search_term_string}"},"query-input":{"@type":"PropertyValueSpecification","valueRequired":true,"valueName":"search_term_string"}}],"inLanguage":"en-US"},{"@type":"Organization","@id":"https:\/\/laboratoriodevehiculos.com\/#organization","name":"LIV","url":"https:\/\/laboratoriodevehiculos.com\/","logo":{"@type":"ImageObject","inLanguage":"en-US","@id":"https:\/\/laboratoriodevehiculos.com\/#\/schema\/logo\/image\/","url":"https:\/\/laboratoriodevehiculos.com\/wp-content\/uploads\/2022\/10\/cropped-03-RRSS-REDONDO-TRANS.png","contentUrl":"https:\/\/laboratoriodevehiculos.com\/wp-content\/uploads\/2022\/10\/cropped-03-RRSS-REDONDO-TRANS.png","width":512,"height":512,"caption":"LIV"},"image":{"@id":"https:\/\/laboratoriodevehiculos.com\/#\/schema\/logo\/image\/"}}]}},"_links":{"self":[{"href":"https:\/\/laboratoriodevehiculos.com\/en\/wp-json\/wp\/v2\/pages\/575","targetHints":{"allow":["GET"]}}],"collection":[{"href":"https:\/\/laboratoriodevehiculos.com\/en\/wp-json\/wp\/v2\/pages"}],"about":[{"href":"https:\/\/laboratoriodevehiculos.com\/en\/wp-json\/wp\/v2\/types\/page"}],"author":[{"embeddable":true,"href":"https:\/\/laboratoriodevehiculos.com\/en\/wp-json\/wp\/v2\/users\/1"}],"replies":[{"embeddable":true,"href":"https:\/\/laboratoriodevehiculos.com\/en\/wp-json\/wp\/v2\/comments?post=575"}],"version-history":[{"count":31,"href":"https:\/\/laboratoriodevehiculos.com\/en\/wp-json\/wp\/v2\/pages\/575\/revisions"}],"predecessor-version":[{"id":792,"href":"https:\/\/laboratoriodevehiculos.com\/en\/wp-json\/wp\/v2\/pages\/575\/revisions\/792"}],"wp:attachment":[{"href":"https:\/\/laboratoriodevehiculos.com\/en\/wp-json\/wp\/v2\/media?parent=575"}],"curies":[{"name":"wp","href":"https:\/\/api.w.org\/{rel}","templated":true}]}}